{"id":47477,"date":"2026-04-03T12:18:57","date_gmt":"2026-04-03T09:18:57","guid":{"rendered":"https:\/\/agga.md\/?post_type=product&#038;p=47477"},"modified":"2026-04-03T12:18:57","modified_gmt":"2026-04-03T09:18:57","slug":"viskoza-print-a-1953-melkij-czvetok-goluboj","status":"publish","type":"product","link":"https:\/\/agga.md\/ro\/produs\/viskoza-print-a-1953-melkij-czvetok-goluboj\/","title":{"rendered":"Imprimeu din viscoz\u0103 A 1953 floare mic\u0103 albastr\u0103"},"content":{"rendered":"<p>\u0432\u0438\u0441\u043a\u043e\u0437\u0430 \u043f\u0440\u0438\u043d\u0442 \u0433\u043e\u043b\u0443\u0431\u043e\u0439 \u2014 \u043a\u0430\u0447\u0435\u0441\u0442\u0432\u0435\u043d\u043d\u044b\u0439 \u043c\u0430\u0442\u0435\u0440\u0438\u0430\u043b \u0448\u0438\u0440\u0438\u043d\u043e\u0439 1953 \u043c. \u041f\u043e\u0434\u0445\u043e\u0434\u0438\u0442 \u0434\u043b\u044f \u043f\u043e\u0448\u0438\u0432\u0430 \u043e\u0434\u0435\u0436\u0434\u044b, \u0442\u0435\u043a\u0441\u0442\u0438\u043b\u044c\u043d\u044b\u0445 \u0438\u0437\u0434\u0435\u043b\u0438\u0439, \u0434\u0435\u043a\u043e\u0440\u0430 \u0438 \u0434\u0440\u0443\u0433\u0438\u0445 \u0448\u0432\u0435\u0439\u043d\u044b\u0445 \u043f\u0440\u043e\u0435\u043a\u0442\u043e\u0432.<\/p>\n<p>\u041f\u0435\u0440\u0435\u0434 \u0437\u0430\u043a\u0430\u0437\u043e\u043c \u0440\u0435\u043a\u043e\u043c\u0435\u043d\u0434\u0443\u0435\u043c \u0443\u0442\u043e\u0447\u043d\u0438\u0442\u044c \u043e\u0442\u0442\u0435\u043d\u043e\u043a, \u043f\u043b\u043e\u0442\u043d\u043e\u0441\u0442\u044c \u0438 \u0444\u0430\u043a\u0442\u0438\u0447\u0435\u0441\u043a\u043e\u0435 \u043d\u0430\u043b\u0438\u0447\u0438\u0435.<\/p>","protected":false},"excerpt":{"rendered":"<p><span style=\"padding: 3px 8px; border-radius: 10px; background: #f5f5f5; font-weight: 600;\">\u041e\u043f\u0442\u043e\u0432\u0430\u044f \u0446\u0435\u043d\u0430 <span style=\"color: #c62828;\">70 MDL<\/span> (\u043d\u0430 \u0440\u0443\u043b\u043e\u043d)<\/span><\/p>","protected":false},"featured_media":0,"template":"","meta":{"_monsterinsights_skip_tracking":false,"_monsterinsights_sitenote_active":false,"_monsterinsights_sitenote_note":"","_monsterinsights_sitenote_category":0,"_uf_show_specific_survey":0,"_uf_disable_surveys":false},"product_brand":[],"product_cat":[195],"product_tag":[332,304],"class_list":{"0":"post-47477","1":"product","2":"type-product","3":"status-publish","5":"product_cat-tkani","6":"product_tag-viskoza-print","7":"product_tag-goluboj","8":"pa_color-goluboj","10":"first","11":"instock","12":"taxable","13":"shipping-taxable","14":"purchasable","15":"product-type-simple","16":"add-to-wishlist-after_add_to_cart"},"_links":{"self":[{"href":"https:\/\/agga.md\/ro\/wp-json\/wp\/v2\/product\/47477","targetHints":{"allow":["GET"]}}],"collection":[{"href":"https:\/\/agga.md\/ro\/wp-json\/wp\/v2\/product"}],"about":[{"href":"https:\/\/agga.md\/ro\/wp-json\/wp\/v2\/types\/product"}],"wp:attachment":[{"href":"https:\/\/agga.md\/ro\/wp-json\/wp\/v2\/media?parent=47477"}],"wp:term":[{"taxonomy":"product_brand","embeddable":true,"href":"https:\/\/agga.md\/ro\/wp-json\/wp\/v2\/product_brand?post=47477"},{"taxonomy":"product_cat","embeddable":true,"href":"https:\/\/agga.md\/ro\/wp-json\/wp\/v2\/product_cat?post=47477"},{"taxonomy":"product_tag","embeddable":true,"href":"https:\/\/agga.md\/ro\/wp-json\/wp\/v2\/product_tag?post=47477"}],"curies":[{"name":"wp","href":"https:\/\/api.w.org\/{rel}","templated":true}]}}