{"id":41867,"date":"2025-04-10T16:01:41","date_gmt":"2025-04-10T13:01:41","guid":{"rendered":"https:\/\/agga.mdproduct\/meh-tolstyj-ba550-1-55-m-belyj-1\/"},"modified":"2026-04-02T18:10:43","modified_gmt":"2026-04-02T15:10:43","slug":"meh-tolstyj-ba550-1-55-m-belyj-1","status":"publish","type":"product","link":"https:\/\/agga.md\/ro\/produs\/meh-tolstyj-ba550-1-55-m-belyj-1\/","title":{"rendered":"Blan\u0103 groas\u0103 BA550, 1,55 m, alb\u0103 1"},"content":{"rendered":"","protected":false},"excerpt":{"rendered":"<p><span style=\"padding: 3px 8px; border-radius: 10px; background: #f5f5f5; font-weight: 600;\">Pre\u021b en-gros <span style=\"color: #c62828;\">210 MDL<\/span> (per rol\u0103)<\/span><\/p>","protected":false},"featured_media":0,"template":"","meta":{"_monsterinsights_skip_tracking":false,"_monsterinsights_sitenote_active":false,"_monsterinsights_sitenote_note":"","_monsterinsights_sitenote_category":0,"_uf_show_specific_survey":0,"_uf_disable_surveys":false},"product_brand":[],"product_cat":[10410,10409,10465,10518,10444,10482,10521,10522],"product_tag":[292,378,272],"class_list":{"0":"post-41867","1":"product","2":"type-product","3":"status-publish","5":"product_cat-detskoj-odezhdy","6":"product_cat-karnavalnyh-kostyumov","7":"product_cat-obivochnye","8":"product_cat-pledov-i-pokryval","9":"product_cat-dlya-chehlov-domashnij-tekstil","10":"product_cat-zimnie","11":"product_cat-meh-sintetika","12":"product_cat-meh-tolstyj","13":"product_tag-belyj","14":"product_tag-meh","15":"product_tag-tkani","16":"pa_czvet-belyj","17":"pa_naznachenie-tkani-dlya-dekora","18":"pa_naznachenie-tkani-dlya-odezhdy","19":"pa_sostav-100-polyester","20":"pa_sposob-proizvodstva-tkanye","21":"pa_tip-volokon-sinteticheskie","23":"first","24":"instock","25":"taxable","26":"shipping-taxable","27":"purchasable","28":"product-type-simple","29":"add-to-wishlist-after_add_to_cart"},"_links":{"self":[{"href":"https:\/\/agga.md\/ro\/wp-json\/wp\/v2\/product\/41867","targetHints":{"allow":["GET"]}}],"collection":[{"href":"https:\/\/agga.md\/ro\/wp-json\/wp\/v2\/product"}],"about":[{"href":"https:\/\/agga.md\/ro\/wp-json\/wp\/v2\/types\/product"}],"wp:attachment":[{"href":"https:\/\/agga.md\/ro\/wp-json\/wp\/v2\/media?parent=41867"}],"wp:term":[{"taxonomy":"product_brand","embeddable":true,"href":"https:\/\/agga.md\/ro\/wp-json\/wp\/v2\/product_brand?post=41867"},{"taxonomy":"product_cat","embeddable":true,"href":"https:\/\/agga.md\/ro\/wp-json\/wp\/v2\/product_cat?post=41867"},{"taxonomy":"product_tag","embeddable":true,"href":"https:\/\/agga.md\/ro\/wp-json\/wp\/v2\/product_tag?post=41867"}],"curies":[{"name":"wp","href":"https:\/\/api.w.org\/{rel}","templated":true}]}}