{"id":41812,"date":"2025-04-10T16:01:10","date_gmt":"2025-04-10T13:01:10","guid":{"rendered":"https:\/\/agga.mdproduct\/kleevaya-bando-shtornyj-8503-1-12-m-belyj\/"},"modified":"2026-04-02T18:09:54","modified_gmt":"2026-04-02T15:09:54","slug":"kleevaya-bando-shtornyj-8503-1-12-m-belyj","status":"publish","type":"product","link":"https:\/\/agga.md\/ro\/produs\/kleevaya-bando-shtornyj-8503-1-12-m-belyj\/","title":{"rendered":"\u021a\u0103s\u0103tur\u0103 adeziv\u0103 bando pentru perdele 8503  alb"},"content":{"rendered":"","protected":false},"excerpt":{"rendered":"<p><span style=\"padding: 3px 8px; border-radius: 10px; background: #f5f5f5; font-weight: 600;\">Pre\u021b en-gros <span style=\"color: #c62828;\">58 MDL<\/span> (per rol\u0103)<\/span><\/p>","protected":false},"featured_media":0,"template":"","meta":{"_monsterinsights_skip_tracking":false,"_monsterinsights_sitenote_active":false,"_monsterinsights_sitenote_note":"","_monsterinsights_sitenote_category":0,"_uf_show_specific_survey":0,"_uf_disable_surveys":false},"product_brand":[],"product_cat":[10477,10479,10478],"product_tag":[292,347,272],"class_list":{"0":"post-41812","1":"product","2":"type-product","3":"status-publish","5":"product_cat-kleevaya","6":"product_cat-kleevye-tkani","7":"product_cat-flizeliny-i-dubleriny","8":"product_tag-belyj","9":"product_tag-kleevaya","10":"product_tag-tkani","11":"pa_czvet-belyj","12":"pa_naznachenie-tkani-dlya-odezhdy","13":"pa_sostav-100-cotton","14":"pa_sposob-proizvodstva-netkanye","15":"pa_tip-volokon-naturalnye","16":"pa_tip-volokon-sinteticheskie","18":"first","19":"instock","20":"taxable","21":"shipping-taxable","22":"purchasable","23":"product-type-simple","24":"add-to-wishlist-after_add_to_cart"},"_links":{"self":[{"href":"https:\/\/agga.md\/ro\/wp-json\/wp\/v2\/product\/41812","targetHints":{"allow":["GET"]}}],"collection":[{"href":"https:\/\/agga.md\/ro\/wp-json\/wp\/v2\/product"}],"about":[{"href":"https:\/\/agga.md\/ro\/wp-json\/wp\/v2\/types\/product"}],"wp:attachment":[{"href":"https:\/\/agga.md\/ro\/wp-json\/wp\/v2\/media?parent=41812"}],"wp:term":[{"taxonomy":"product_brand","embeddable":true,"href":"https:\/\/agga.md\/ro\/wp-json\/wp\/v2\/product_brand?post=41812"},{"taxonomy":"product_cat","embeddable":true,"href":"https:\/\/agga.md\/ro\/wp-json\/wp\/v2\/product_cat?post=41812"},{"taxonomy":"product_tag","embeddable":true,"href":"https:\/\/agga.md\/ro\/wp-json\/wp\/v2\/product_tag?post=41812"}],"curies":[{"name":"wp","href":"https:\/\/api.w.org\/{rel}","templated":true}]}}