{"id":41779,"date":"2025-04-10T16:00:50","date_gmt":"2025-04-10T13:00:50","guid":{"rendered":"https:\/\/agga.mdproduct\/viskoza-strejch-new100d-1-5-m-nr-115-sinij-elektrik\/"},"modified":"2026-04-02T18:09:46","modified_gmt":"2026-04-02T15:09:46","slug":"viskoza-strejch-new100d-1-5-m-nr-115-sinij-elektrik","status":"publish","type":"product","link":"https:\/\/agga.md\/ro\/produs\/viskoza-strejch-new100d-1-5-m-nr-115-sinij-elektrik\/","title":{"rendered":"V\u00e2scoz\u0103 elastic\u0103 NEW100D, 1,5 m, nr. 115 albastru electric"},"content":{"rendered":"","protected":false},"excerpt":{"rendered":"<p><span style=\"padding: 3px 8px; border-radius: 10px; background: #f5f5f5; font-weight: 600;\">\u041e\u043f\u0442\u043e\u0432\u0430\u044f \u0446\u0435\u043d\u0430 <span style=\"color: #c62828;\">73 MDL<\/span> (\u043d\u0430 \u0440\u0443\u043b\u043e\u043d)<\/span><\/p>","protected":false},"featured_media":45502,"template":"","meta":{"_monsterinsights_skip_tracking":false,"_monsterinsights_sitenote_active":false,"_monsterinsights_sitenote_note":"","_monsterinsights_sitenote_category":0,"_uf_show_specific_survey":0,"_uf_disable_surveys":false},"product_brand":[],"product_cat":[10458,10457,10413,10410,10409,10404,10412,10462,10415,10405,10403,10429],"product_tag":[331,333,298,300,299,272],"class_list":{"0":"post-41779","1":"product","2":"type-product","3":"status-publish","4":"has-post-thumbnail","6":"product_cat-viskoza-strejch","7":"product_cat-viskoznye","8":"product_cat-demisezonnye","9":"product_cat-detskoj-odezhdy","10":"product_cat-karnavalnyh-kostyumov","11":"product_cat-kostyumno-platelnye","12":"product_cat-letnie","13":"product_cat-odnotonnye-poliester-s-elastanom","14":"product_cat-romanticheskij","15":"product_cat-rubashechno-bluzochnye","16":"product_cat-uniforma","17":"product_cat-etnicheskij","18":"product_tag-viskoza","19":"product_tag-viskoza-strejch","20":"product_tag-sinij","21":"product_tag-sinij-elektrik","22":"product_tag-temno-sinij","23":"product_tag-tkani","24":"pa_czvet-sinij","25":"pa_czvet-sinij-elektrik","26":"pa_czvet-temno-sinij","27":"pa_naznachenie-tkani-dlya-odezhdy","28":"pa_sostav-92-polyester-8-elastan","29":"pa_sposob-proizvodstva-tkanye","30":"pa_tip-volokon-iskusstvennye","32":"first","33":"instock","34":"taxable","35":"shipping-taxable","36":"purchasable","37":"product-type-simple","38":"add-to-wishlist-after_add_to_cart"},"_links":{"self":[{"href":"https:\/\/agga.md\/ro\/wp-json\/wp\/v2\/product\/41779","targetHints":{"allow":["GET"]}}],"collection":[{"href":"https:\/\/agga.md\/ro\/wp-json\/wp\/v2\/product"}],"about":[{"href":"https:\/\/agga.md\/ro\/wp-json\/wp\/v2\/types\/product"}],"wp:featuredmedia":[{"embeddable":true,"href":"https:\/\/agga.md\/ro\/wp-json\/wp\/v2\/media\/45502"}],"wp:attachment":[{"href":"https:\/\/agga.md\/ro\/wp-json\/wp\/v2\/media?parent=41779"}],"wp:term":[{"taxonomy":"product_brand","embeddable":true,"href":"https:\/\/agga.md\/ro\/wp-json\/wp\/v2\/product_brand?post=41779"},{"taxonomy":"product_cat","embeddable":true,"href":"https:\/\/agga.md\/ro\/wp-json\/wp\/v2\/product_cat?post=41779"},{"taxonomy":"product_tag","embeddable":true,"href":"https:\/\/agga.md\/ro\/wp-json\/wp\/v2\/product_tag?post=41779"}],"curies":[{"name":"wp","href":"https:\/\/api.w.org\/{rel}","templated":true}]}}