{"id":41325,"date":"2025-04-10T15:55:55","date_gmt":"2025-04-10T12:55:55","guid":{"rendered":"https:\/\/agga.mdproduct\/viskoza-rubashechnaya-panaczeya-87001-1-5-m-nr-19-3920-temno-sinij\/"},"modified":"2026-04-02T18:12:29","modified_gmt":"2026-04-02T15:12:29","slug":"viskoza-rubashechnaya-panaczeya-87001-1-5-m-nr-19-3920-temno-sinij","status":"publish","type":"product","link":"https:\/\/agga.md\/ro\/produs\/viskoza-rubashechnaya-panaczeya-87001-1-5-m-nr-19-3920-temno-sinij\/","title":{"rendered":"C\u0103ma\u0219\u0103 din viscoz\u0103 (Panacea) 87001, 1,5 m, nr. 19-3920 albastru \u00eenchis"},"content":{"rendered":"","protected":false},"excerpt":{"rendered":"<p><span style=\"padding: 3px 8px; border-radius: 10px; background: #f5f5f5; font-weight: 600;\">\u041e\u043f\u0442\u043e\u0432\u0430\u044f \u0446\u0435\u043d\u0430 <span style=\"color: #c62828;\">90 MDL<\/span> (\u043d\u0430 \u0440\u0443\u043b\u043e\u043d)<\/span><\/p>","protected":false},"featured_media":45249,"template":"","meta":{"_monsterinsights_skip_tracking":false,"_monsterinsights_sitenote_active":false,"_monsterinsights_sitenote_note":"","_monsterinsights_sitenote_category":0,"_uf_show_specific_survey":0,"_uf_disable_surveys":false},"product_brand":[],"product_cat":[10458,10457,10413,10410,10409,10407,10427,10404,10412,10406,10415,10405,10438,10403,10429,10459],"product_tag":[402,298,300,299,272,329],"class_list":{"0":"post-41325","1":"product","2":"type-product","3":"status-publish","4":"has-post-thumbnail","6":"product_cat-viskoza-strejch","7":"product_cat-viskoznye","8":"product_cat-demisezonnye","9":"product_cat-detskoj-odezhdy","10":"product_cat-karnavalnyh-kostyumov","11":"product_cat-tanczevalnyh-kostyumov","12":"product_cat-halatov","13":"product_cat-kostyumno-platelnye","14":"product_cat-letnie","15":"product_cat-naryadnye","16":"product_cat-romanticheskij","17":"product_cat-rubashechno-bluzochnye","18":"product_cat-specz-odezhda","19":"product_cat-uniforma","20":"product_cat-etnicheskij","21":"product_cat-yubochno-bryuchnye","22":"product_tag-rubashechnaya","23":"product_tag-sinij","24":"product_tag-sinij-elektrik","25":"product_tag-temno-sinij","26":"product_tag-tkani","27":"product_tag-hlopok","28":"pa_czvet-sinij","29":"pa_czvet-sinij-elektrik","30":"pa_czvet-temno-sinij","31":"pa_naznachenie-tkani-dlya-odezhdy","32":"pa_sostav-35-viscose-65-polyester","33":"pa_sposob-proizvodstva-tkanye","34":"pa_tip-volokon-naturalnye","36":"first","37":"instock","38":"taxable","39":"shipping-taxable","40":"purchasable","41":"product-type-simple","42":"add-to-wishlist-after_add_to_cart"},"_links":{"self":[{"href":"https:\/\/agga.md\/ro\/wp-json\/wp\/v2\/product\/41325","targetHints":{"allow":["GET"]}}],"collection":[{"href":"https:\/\/agga.md\/ro\/wp-json\/wp\/v2\/product"}],"about":[{"href":"https:\/\/agga.md\/ro\/wp-json\/wp\/v2\/types\/product"}],"wp:featuredmedia":[{"embeddable":true,"href":"https:\/\/agga.md\/ro\/wp-json\/wp\/v2\/media\/45249"}],"wp:attachment":[{"href":"https:\/\/agga.md\/ro\/wp-json\/wp\/v2\/media?parent=41325"}],"wp:term":[{"taxonomy":"product_brand","embeddable":true,"href":"https:\/\/agga.md\/ro\/wp-json\/wp\/v2\/product_brand?post=41325"},{"taxonomy":"product_cat","embeddable":true,"href":"https:\/\/agga.md\/ro\/wp-json\/wp\/v2\/product_cat?post=41325"},{"taxonomy":"product_tag","embeddable":true,"href":"https:\/\/agga.md\/ro\/wp-json\/wp\/v2\/product_tag?post=41325"}],"curies":[{"name":"wp","href":"https:\/\/api.w.org\/{rel}","templated":true}]}}