{"id":41091,"date":"2025-04-10T15:53:25","date_gmt":"2025-04-10T12:53:25","guid":{"rendered":"https:\/\/agga.mdproduct\/kotton-128-2-4-m-gostinichnaya-poloska-nr-3-persikovyj\/"},"modified":"2026-04-02T18:10:35","modified_gmt":"2026-04-02T15:10:35","slug":"kotton-128-2-4-m-gostinichnaya-poloska-nr-3-persikovyj","status":"publish","type":"product","link":"https:\/\/agga.md\/ro\/produs\/kotton-128-2-4-m-gostinichnaya-poloska-nr-3-persikovyj\/","title":{"rendered":"Cotton 128, 2,4 m, band\u0103 hotelier\u0103, nr. 3 piersic\u0103"},"content":{"rendered":"","protected":false},"excerpt":{"rendered":"<p><span style=\"padding: 3px 8px; border-radius: 10px; background: #f5f5f5; font-weight: 600;\">\u041e\u043f\u0442\u043e\u0432\u0430\u044f \u0446\u0435\u043d\u0430 <span style=\"color: #c62828;\">95 MDL<\/span> (\u043d\u0430 \u0440\u0443\u043b\u043e\u043d)<\/span><\/p>","protected":false},"featured_media":47150,"template":"","meta":{"_monsterinsights_skip_tracking":false,"_monsterinsights_sitenote_active":false,"_monsterinsights_sitenote_note":"","_monsterinsights_sitenote_category":0,"_uf_show_specific_survey":0,"_uf_disable_surveys":false},"product_brand":[],"product_cat":[10413,10410,10450,10451,10452,10427,10444,10502,10426],"product_tag":[362,334,291,272,329],"class_list":{"0":"post-41091","1":"product","2":"type-product","3":"status-publish","4":"has-post-thumbnail","6":"product_cat-demisezonnye","7":"product_cat-detskoj-odezhdy","8":"product_cat-dlya-novorozhdennyh","9":"product_cat-postelnye","10":"product_cat-skatertnye","11":"product_cat-halatov","12":"product_cat-dlya-chehlov-domashnij-tekstil","13":"product_cat-kotton","14":"product_cat-hlopkovye","15":"product_tag-kotton","16":"product_tag-persikovyj","17":"product_tag-rozovyj","18":"product_tag-tkani","19":"product_tag-hlopok","20":"pa_czvet-persikovyj","21":"pa_naznachenie-tkani-dlya-odezhdy","22":"pa_naznachenie-tkani-domashnij-tekstil","23":"pa_sostav-100-cotton","24":"pa_sposob-proizvodstva-tkanye","25":"pa_tip-volokon-naturalnye","27":"first","28":"instock","29":"taxable","30":"shipping-taxable","31":"purchasable","32":"product-type-simple","33":"add-to-wishlist-after_add_to_cart"},"_links":{"self":[{"href":"https:\/\/agga.md\/ro\/wp-json\/wp\/v2\/product\/41091","targetHints":{"allow":["GET"]}}],"collection":[{"href":"https:\/\/agga.md\/ro\/wp-json\/wp\/v2\/product"}],"about":[{"href":"https:\/\/agga.md\/ro\/wp-json\/wp\/v2\/types\/product"}],"wp:featuredmedia":[{"embeddable":true,"href":"https:\/\/agga.md\/ro\/wp-json\/wp\/v2\/media\/47150"}],"wp:attachment":[{"href":"https:\/\/agga.md\/ro\/wp-json\/wp\/v2\/media?parent=41091"}],"wp:term":[{"taxonomy":"product_brand","embeddable":true,"href":"https:\/\/agga.md\/ro\/wp-json\/wp\/v2\/product_brand?post=41091"},{"taxonomy":"product_cat","embeddable":true,"href":"https:\/\/agga.md\/ro\/wp-json\/wp\/v2\/product_cat?post=41091"},{"taxonomy":"product_tag","embeddable":true,"href":"https:\/\/agga.md\/ro\/wp-json\/wp\/v2\/product_tag?post=41091"}],"curies":[{"name":"wp","href":"https:\/\/api.w.org\/{rel}","templated":true}]}}