{"id":41012,"date":"2025-04-10T15:52:30","date_gmt":"2025-04-10T12:52:30","guid":{"rendered":"https:\/\/agga.mdproduct\/byaz-262-1-5-m-temno-sinyaya\/"},"modified":"2026-04-02T18:09:03","modified_gmt":"2026-04-02T15:09:03","slug":"byaz-262-1-5-m-temno-sinyaya","status":"publish","type":"product","link":"https:\/\/agga.md\/ro\/produs\/byaz-262-1-5-m-temno-sinyaya\/","title":{"rendered":"P\u00e2nz\u0103 262, 1,5 m, albastru \u00eenchis"},"content":{"rendered":"","protected":false},"excerpt":{"rendered":"<p><span style=\"padding: 3px 8px; border-radius: 10px; background: #f5f5f5; font-weight: 600;\">\u041e\u043f\u0442\u043e\u0432\u0430\u044f \u0446\u0435\u043d\u0430 <span style=\"color: #c62828;\">50 MDL<\/span> (\u043d\u0430 \u0440\u0443\u043b\u043e\u043d)<\/span><\/p>","protected":false},"featured_media":21353,"template":"","meta":{"_monsterinsights_skip_tracking":false,"_monsterinsights_sitenote_active":false,"_monsterinsights_sitenote_note":"","_monsterinsights_sitenote_category":0,"_uf_show_specific_survey":0,"_uf_disable_surveys":false},"product_brand":[],"product_cat":[10449,10413,10410,10409,10453,10450,10451,10452,10427,10444,10406,10426,10429],"product_tag":[328,298,300,299,272,329],"class_list":{"0":"post-41012","1":"product","2":"type-product","3":"status-publish","4":"has-post-thumbnail","6":"product_cat-byaz","7":"product_cat-demisezonnye","8":"product_cat-detskoj-odezhdy","9":"product_cat-karnavalnyh-kostyumov","10":"product_cat-matrasnye","11":"product_cat-dlya-novorozhdennyh","12":"product_cat-postelnye","13":"product_cat-skatertnye","14":"product_cat-halatov","15":"product_cat-dlya-chehlov-domashnij-tekstil","16":"product_cat-naryadnye","17":"product_cat-hlopkovye","18":"product_cat-etnicheskij","19":"product_tag-byaz","20":"product_tag-sinij","21":"product_tag-sinij-elektrik","22":"product_tag-temno-sinij","23":"product_tag-tkani","24":"product_tag-hlopok","25":"pa_czvet-sinij","26":"pa_czvet-sinij-elektrik","27":"pa_czvet-temno-sinij","28":"pa_naznachenie-tkani-dlya-odezhdy","29":"pa_naznachenie-tkani-domashnij-tekstil","30":"pa_sostav-100-cotton","31":"pa_sposob-proizvodstva-tkanye","32":"pa_tip-volokon-naturalnye","34":"first","35":"instock","36":"taxable","37":"shipping-taxable","38":"purchasable","39":"product-type-simple","40":"add-to-wishlist-after_add_to_cart"},"_links":{"self":[{"href":"https:\/\/agga.md\/ro\/wp-json\/wp\/v2\/product\/41012","targetHints":{"allow":["GET"]}}],"collection":[{"href":"https:\/\/agga.md\/ro\/wp-json\/wp\/v2\/product"}],"about":[{"href":"https:\/\/agga.md\/ro\/wp-json\/wp\/v2\/types\/product"}],"wp:featuredmedia":[{"embeddable":true,"href":"https:\/\/agga.md\/ro\/wp-json\/wp\/v2\/media\/21353"}],"wp:attachment":[{"href":"https:\/\/agga.md\/ro\/wp-json\/wp\/v2\/media?parent=41012"}],"wp:term":[{"taxonomy":"product_brand","embeddable":true,"href":"https:\/\/agga.md\/ro\/wp-json\/wp\/v2\/product_brand?post=41012"},{"taxonomy":"product_cat","embeddable":true,"href":"https:\/\/agga.md\/ro\/wp-json\/wp\/v2\/product_cat?post=41012"},{"taxonomy":"product_tag","embeddable":true,"href":"https:\/\/agga.md\/ro\/wp-json\/wp\/v2\/product_tag?post=41012"}],"curies":[{"name":"wp","href":"https:\/\/api.w.org\/{rel}","templated":true}]}}