{"id":41004,"date":"2025-04-10T15:52:27","date_gmt":"2025-04-10T12:52:27","guid":{"rendered":"https:\/\/agga.mdproduct\/barhat-strejch-8500-1-5-m-nr-23-gryaznaya-pudra\/"},"modified":"2026-04-02T18:09:00","modified_gmt":"2026-04-02T15:09:00","slug":"barhat-strejch-8500-1-5-m-nr-23-gryaznaya-pudra","status":"publish","type":"product","link":"https:\/\/agga.md\/ro\/produs\/barhat-strejch-8500-1-5-m-nr-23-gryaznaya-pudra\/","title":{"rendered":"Catifea elastic\u0103 8500, 1,5 m, nr. 23 pudr\u0103 murdar\u0103"},"content":{"rendered":"","protected":false},"excerpt":{"rendered":"<p><span style=\"padding: 3px 8px; border-radius: 10px; background: #f5f5f5; font-weight: 600;\">\u041e\u043f\u0442\u043e\u0432\u0430\u044f \u0446\u0435\u043d\u0430 <span style=\"color: #c62828;\">110 MDL<\/span> (\u043d\u0430 \u0440\u0443\u043b\u043e\u043d)<\/span><\/p>","protected":false},"featured_media":45232,"template":"","meta":{"_monsterinsights_skip_tracking":false,"_monsterinsights_sitenote_active":false,"_monsterinsights_sitenote_note":"","_monsterinsights_sitenote_category":0,"_uf_show_specific_survey":0,"_uf_disable_surveys":false},"product_brand":[],"product_cat":[10422,10421,10410,10409,10423,10407,10404,10415,10408,10403],"product_tag":[319,290,291,272],"class_list":{"0":"post-41004","1":"product","2":"type-product","3":"status-publish","4":"has-post-thumbnail","6":"product_cat-barhat-velvet-plyush","7":"product_cat-barhat-strejch","8":"product_cat-detskoj-odezhdy","9":"product_cat-karnavalnyh-kostyumov","10":"product_cat-sportivnyh-kostyumov","11":"product_cat-tanczevalnyh-kostyumov","12":"product_cat-kostyumno-platelnye","13":"product_cat-romanticheskij","14":"product_cat-svadebnye-tkani","15":"product_cat-uniforma","16":"product_tag-barhat","17":"product_tag-pudra","18":"product_tag-rozovyj","19":"product_tag-tkani","20":"pa_czvet-pudra","21":"pa_czvet-rozovyj","22":"pa_naznachenie-tkani-dlya-odezhdy","23":"pa_sostav-2-elastan","24":"pa_sostav-98-polyester","25":"pa_sposob-proizvodstva-tkanye","26":"pa_tip-volokon-sinteticheskie","28":"first","29":"instock","30":"taxable","31":"shipping-taxable","32":"purchasable","33":"product-type-simple","34":"add-to-wishlist-after_add_to_cart"},"_links":{"self":[{"href":"https:\/\/agga.md\/ro\/wp-json\/wp\/v2\/product\/41004","targetHints":{"allow":["GET"]}}],"collection":[{"href":"https:\/\/agga.md\/ro\/wp-json\/wp\/v2\/product"}],"about":[{"href":"https:\/\/agga.md\/ro\/wp-json\/wp\/v2\/types\/product"}],"wp:featuredmedia":[{"embeddable":true,"href":"https:\/\/agga.md\/ro\/wp-json\/wp\/v2\/media\/45232"}],"wp:attachment":[{"href":"https:\/\/agga.md\/ro\/wp-json\/wp\/v2\/media?parent=41004"}],"wp:term":[{"taxonomy":"product_brand","embeddable":true,"href":"https:\/\/agga.md\/ro\/wp-json\/wp\/v2\/product_brand?post=41004"},{"taxonomy":"product_cat","embeddable":true,"href":"https:\/\/agga.md\/ro\/wp-json\/wp\/v2\/product_cat?post=41004"},{"taxonomy":"product_tag","embeddable":true,"href":"https:\/\/agga.md\/ro\/wp-json\/wp\/v2\/product_tag?post=41004"}],"curies":[{"name":"wp","href":"https:\/\/api.w.org\/{rel}","templated":true}]}}