{"id":40416,"date":"2025-04-10T15:46:37","date_gmt":"2025-04-10T12:46:37","guid":{"rendered":"https:\/\/agga.mdproduct\/viskoza-strejch-100d-1-5-m-nr-44-persikovyj\/"},"modified":"2026-04-02T18:09:05","modified_gmt":"2026-04-02T15:09:05","slug":"viskoza-strejch-100d-1-5-m-nr-44-persikovyj","status":"publish","type":"product","link":"https:\/\/agga.md\/ro\/produs\/viskoza-strejch-100d-1-5-m-nr-44-persikovyj\/","title":{"rendered":"V\u00e2scoz\u0103 elastic\u0103 100D, 1,5 m, nr. 44 piersic\u0103"},"content":{"rendered":"","protected":false},"excerpt":{"rendered":"<p><span style=\"padding: 3px 8px; border-radius: 10px; background: #f5f5f5; font-weight: 600;\">Pre\u021b en-gros <span style=\"color: #c62828;\">73 MDL<\/span> (per rol\u0103)<\/span><\/p>","protected":false},"featured_media":45254,"template":"","meta":{"_monsterinsights_skip_tracking":false,"_monsterinsights_sitenote_active":false,"_monsterinsights_sitenote_note":"","_monsterinsights_sitenote_category":0,"_uf_show_specific_survey":0,"_uf_disable_surveys":false},"product_brand":[],"product_cat":[10458,10457,10413,10410,10409,10404,10412,10462,10415,10405,10403,10429],"product_tag":[331,333,334,291,272],"class_list":{"0":"post-40416","1":"product","2":"type-product","3":"status-publish","4":"has-post-thumbnail","6":"product_cat-viskoza-strejch","7":"product_cat-viskoznye","8":"product_cat-demisezonnye","9":"product_cat-detskoj-odezhdy","10":"product_cat-karnavalnyh-kostyumov","11":"product_cat-kostyumno-platelnye","12":"product_cat-letnie","13":"product_cat-odnotonnye-poliester-s-elastanom","14":"product_cat-romanticheskij","15":"product_cat-rubashechno-bluzochnye","16":"product_cat-uniforma","17":"product_cat-etnicheskij","18":"product_tag-viskoza","19":"product_tag-viskoza-strejch","20":"product_tag-persikovyj","21":"product_tag-rozovyj","22":"product_tag-tkani","23":"pa_czvet-persikovyj","24":"pa_naznachenie-tkani-dlya-odezhdy","25":"pa_sostav-92-polyester-8-elastan","26":"pa_sposob-proizvodstva-tkanye","27":"pa_tip-volokon-iskusstvennye","29":"first","30":"instock","31":"taxable","32":"shipping-taxable","33":"purchasable","34":"product-type-simple","35":"add-to-wishlist-after_add_to_cart"},"_links":{"self":[{"href":"https:\/\/agga.md\/ro\/wp-json\/wp\/v2\/product\/40416","targetHints":{"allow":["GET"]}}],"collection":[{"href":"https:\/\/agga.md\/ro\/wp-json\/wp\/v2\/product"}],"about":[{"href":"https:\/\/agga.md\/ro\/wp-json\/wp\/v2\/types\/product"}],"wp:featuredmedia":[{"embeddable":true,"href":"https:\/\/agga.md\/ro\/wp-json\/wp\/v2\/media\/45254"}],"wp:attachment":[{"href":"https:\/\/agga.md\/ro\/wp-json\/wp\/v2\/media?parent=40416"}],"wp:term":[{"taxonomy":"product_brand","embeddable":true,"href":"https:\/\/agga.md\/ro\/wp-json\/wp\/v2\/product_brand?post=40416"},{"taxonomy":"product_cat","embeddable":true,"href":"https:\/\/agga.md\/ro\/wp-json\/wp\/v2\/product_cat?post=40416"},{"taxonomy":"product_tag","embeddable":true,"href":"https:\/\/agga.md\/ro\/wp-json\/wp\/v2\/product_tag?post=40416"}],"curies":[{"name":"wp","href":"https:\/\/api.w.org\/{rel}","templated":true}]}}